{"id":14193,"date":"2021-10-06T10:59:46","date_gmt":"2021-10-06T08:59:46","guid":{"rendered":"https:\/\/kremsmueller.com\/?page_id=14193"},"modified":"2025-04-10T08:00:58","modified_gmt":"2025-04-10T06:00:58","slug":"imprint","status":"publish","type":"page","link":"https:\/\/www.kremsmueller.com\/en\/imprint\/","title":{"rendered":"Imprint"},"content":{"rendered":"\t\t<div data-elementor-type=\"wp-page\" data-elementor-id=\"14193\" class=\"elementor elementor-14193 elementor-2589\" data-elementor-post-type=\"page\">\n\t\t\t\t\t\t<section class=\"elementor-section elementor-top-section elementor-element elementor-element-c777b20 elementor-section-height-min-height elementor-section-items-stretch elementor-section-boxed elementor-section-height-default\" data-id=\"c777b20\" data-element_type=\"section\" data-e-type=\"section\" data-settings=\"{&quot;jet_parallax_layout_list&quot;:[{&quot;jet_parallax_layout_image&quot;:{&quot;url&quot;:&quot;&quot;,&quot;id&quot;:&quot;&quot;,&quot;size&quot;:&quot;&quot;},&quot;_id&quot;:&quot;00edb25&quot;,&quot;jet_parallax_layout_speed&quot;:{&quot;unit&quot;:&quot;%&quot;,&quot;size&quot;:&quot;50&quot;,&quot;sizes&quot;:[]},&quot;jet_parallax_layout_bg_x&quot;:&quot;50&quot;,&quot;jet_parallax_layout_bg_y&quot;:&quot;50&quot;,&quot;jet_parallax_layout_image_laptop&quot;:{&quot;url&quot;:&quot;&quot;,&quot;id&quot;:&quot;&quot;,&quot;size&quot;:&quot;&quot;},&quot;jet_parallax_layout_image_tablet_extra&quot;:{&quot;url&quot;:&quot;&quot;,&quot;id&quot;:&quot;&quot;,&quot;size&quot;:&quot;&quot;},&quot;jet_parallax_layout_image_tablet&quot;:{&quot;url&quot;:&quot;&quot;,&quot;id&quot;:&quot;&quot;,&quot;size&quot;:&quot;&quot;},&quot;jet_parallax_layout_image_mobile&quot;:{&quot;url&quot;:&quot;&quot;,&quot;id&quot;:&quot;&quot;,&quot;size&quot;:&quot;&quot;},&quot;jet_parallax_layout_type&quot;:&quot;scroll&quot;,&quot;jet_parallax_layout_direction&quot;:&quot;1&quot;,&quot;jet_parallax_layout_fx_direction&quot;:null,&quot;jet_parallax_layout_z_index&quot;:&quot;&quot;,&quot;jet_parallax_layout_bg_x_laptop&quot;:&quot;&quot;,&quot;jet_parallax_layout_bg_x_tablet_extra&quot;:&quot;&quot;,&quot;jet_parallax_layout_bg_x_tablet&quot;:&quot;&quot;,&quot;jet_parallax_layout_bg_x_mobile&quot;:&quot;&quot;,&quot;jet_parallax_layout_bg_y_laptop&quot;:&quot;&quot;,&quot;jet_parallax_layout_bg_y_tablet_extra&quot;:&quot;&quot;,&quot;jet_parallax_layout_bg_y_tablet&quot;:&quot;&quot;,&quot;jet_parallax_layout_bg_y_mobile&quot;:&quot;&quot;,&quot;jet_parallax_layout_bg_size&quot;:&quot;auto&quot;,&quot;jet_parallax_layout_bg_size_laptop&quot;:&quot;&quot;,&quot;jet_parallax_layout_bg_size_tablet_extra&quot;:&quot;&quot;,&quot;jet_parallax_layout_bg_size_tablet&quot;:&quot;&quot;,&quot;jet_parallax_layout_bg_size_mobile&quot;:&quot;&quot;,&quot;jet_parallax_layout_animation_prop&quot;:&quot;transform&quot;,&quot;jet_parallax_layout_on&quot;:[&quot;desktop&quot;,&quot;tablet&quot;]}],&quot;background_background&quot;:&quot;classic&quot;}\">\n\t\t\t\t\t\t\t<div class=\"elementor-background-overlay\"><\/div>\n\t\t\t\t\t\t\t<div class=\"elementor-container elementor-column-gap-default\">\n\t\t\t\t\t<div class=\"elementor-column elementor-col-50 elementor-top-column elementor-element elementor-element-04ef9c0\" data-id=\"04ef9c0\" data-element_type=\"column\" data-e-type=\"column\">\n\t\t\t<div class=\"elementor-widget-wrap elementor-element-populated\">\n\t\t\t\t\t\t<div class=\"elementor-element elementor-element-fc6bfe7 elementor-widget elementor-widget-heading\" data-id=\"fc6bfe7\" data-element_type=\"widget\" data-e-type=\"widget\" data-widget_type=\"heading.default\">\n\t\t\t\t<div class=\"elementor-widget-container\">\n\t\t\t\t\t<h2 class=\"elementor-heading-title elementor-size-default\">Imprint<\/h2>\t\t\t\t<\/div>\n\t\t\t\t<\/div>\n\t\t\t\t\t<\/div>\n\t\t<\/div>\n\t\t\t\t<div class=\"elementor-column elementor-col-50 elementor-top-column elementor-element elementor-element-a6c9b58\" data-id=\"a6c9b58\" data-element_type=\"column\" data-e-type=\"column\">\n\t\t\t<div class=\"elementor-widget-wrap\">\n\t\t\t\t\t\t\t<\/div>\n\t\t<\/div>\n\t\t\t\t\t<\/div>\n\t\t<\/section>\n\t\t\t\t<section class=\"elementor-section elementor-top-section elementor-element elementor-element-32a39e83 elementor-section-full_width elementor-section-height-default elementor-section-height-default\" data-id=\"32a39e83\" data-element_type=\"section\" data-e-type=\"section\" data-settings=\"{&quot;jet_parallax_layout_list&quot;:[{&quot;jet_parallax_layout_image&quot;:{&quot;url&quot;:&quot;&quot;,&quot;id&quot;:&quot;&quot;,&quot;size&quot;:&quot;&quot;},&quot;_id&quot;:&quot;762bf71&quot;,&quot;jet_parallax_layout_image_laptop&quot;:{&quot;url&quot;:&quot;&quot;,&quot;id&quot;:&quot;&quot;,&quot;size&quot;:&quot;&quot;},&quot;jet_parallax_layout_image_tablet_extra&quot;:{&quot;url&quot;:&quot;&quot;,&quot;id&quot;:&quot;&quot;,&quot;size&quot;:&quot;&quot;},&quot;jet_parallax_layout_image_tablet&quot;:{&quot;url&quot;:&quot;&quot;,&quot;id&quot;:&quot;&quot;,&quot;size&quot;:&quot;&quot;},&quot;jet_parallax_layout_image_mobile&quot;:{&quot;url&quot;:&quot;&quot;,&quot;id&quot;:&quot;&quot;,&quot;size&quot;:&quot;&quot;},&quot;jet_parallax_layout_speed&quot;:{&quot;unit&quot;:&quot;%&quot;,&quot;size&quot;:50,&quot;sizes&quot;:[]},&quot;jet_parallax_layout_type&quot;:&quot;scroll&quot;,&quot;jet_parallax_layout_direction&quot;:&quot;1&quot;,&quot;jet_parallax_layout_fx_direction&quot;:null,&quot;jet_parallax_layout_z_index&quot;:&quot;&quot;,&quot;jet_parallax_layout_bg_x&quot;:50,&quot;jet_parallax_layout_bg_x_laptop&quot;:&quot;&quot;,&quot;jet_parallax_layout_bg_x_tablet_extra&quot;:&quot;&quot;,&quot;jet_parallax_layout_bg_x_tablet&quot;:&quot;&quot;,&quot;jet_parallax_layout_bg_x_mobile&quot;:&quot;&quot;,&quot;jet_parallax_layout_bg_y&quot;:50,&quot;jet_parallax_layout_bg_y_laptop&quot;:&quot;&quot;,&quot;jet_parallax_layout_bg_y_tablet_extra&quot;:&quot;&quot;,&quot;jet_parallax_layout_bg_y_tablet&quot;:&quot;&quot;,&quot;jet_parallax_layout_bg_y_mobile&quot;:&quot;&quot;,&quot;jet_parallax_layout_bg_size&quot;:&quot;auto&quot;,&quot;jet_parallax_layout_bg_size_laptop&quot;:&quot;&quot;,&quot;jet_parallax_layout_bg_size_tablet_extra&quot;:&quot;&quot;,&quot;jet_parallax_layout_bg_size_tablet&quot;:&quot;&quot;,&quot;jet_parallax_layout_bg_size_mobile&quot;:&quot;&quot;,&quot;jet_parallax_layout_animation_prop&quot;:&quot;transform&quot;,&quot;jet_parallax_layout_on&quot;:[&quot;desktop&quot;,&quot;tablet&quot;]}],&quot;background_background&quot;:&quot;classic&quot;}\">\n\t\t\t\t\t\t\t<div class=\"elementor-background-overlay\"><\/div>\n\t\t\t\t\t\t\t<div class=\"elementor-container elementor-column-gap-default\">\n\t\t\t\t\t<div class=\"elementor-column elementor-col-100 elementor-top-column elementor-element elementor-element-20b3dc3d\" data-id=\"20b3dc3d\" data-element_type=\"column\" data-e-type=\"column\">\n\t\t\t<div class=\"elementor-widget-wrap elementor-element-populated\">\n\t\t\t\t\t\t<div class=\"elementor-element elementor-element-81cc28b elementor-absolute elementor-widget elementor-widget-global elementor-global-13789 elementor-global-1381 elementor-widget-image\" data-id=\"81cc28b\" data-element_type=\"widget\" data-e-type=\"widget\" data-settings=\"{&quot;motion_fx_motion_fx_scrolling&quot;:&quot;yes&quot;,&quot;motion_fx_translateY_effect&quot;:&quot;yes&quot;,&quot;motion_fx_translateY_direction&quot;:&quot;negative&quot;,&quot;_position&quot;:&quot;absolute&quot;,&quot;motion_fx_translateY_speed&quot;:{&quot;unit&quot;:&quot;px&quot;,&quot;size&quot;:4,&quot;sizes&quot;:[]},&quot;motion_fx_translateY_affectedRange&quot;:{&quot;unit&quot;:&quot;%&quot;,&quot;size&quot;:&quot;&quot;,&quot;sizes&quot;:{&quot;start&quot;:0,&quot;end&quot;:100}},&quot;motion_fx_devices&quot;:[&quot;desktop&quot;,&quot;laptop&quot;,&quot;tablet_extra&quot;,&quot;tablet&quot;,&quot;mobile&quot;]}\" data-widget_type=\"image.default\">\n\t\t\t\t<div class=\"elementor-widget-container\">\n\t\t\t\t\t\t\t\t\t\t\t\t\t\t\t<img fetchpriority=\"high\" decoding=\"async\" width=\"451\" height=\"451\" src=\"https:\/\/www.kremsmueller.com\/wp-content\/uploads\/kremsmueller-k-signet.svg\" class=\"attachment-full size-full wp-image-1026\" alt=\"\" \/>\t\t\t\t\t\t\t\t\t\t\t\t\t\t\t<\/div>\n\t\t\t\t<\/div>\n\t\t\t\t<section class=\"elementor-section elementor-inner-section elementor-element elementor-element-37320e5a elementor-section-boxed elementor-section-height-default elementor-section-height-default\" data-id=\"37320e5a\" data-element_type=\"section\" data-e-type=\"section\" data-settings=\"{&quot;jet_parallax_layout_list&quot;:[{&quot;jet_parallax_layout_image&quot;:{&quot;url&quot;:&quot;&quot;,&quot;id&quot;:&quot;&quot;,&quot;size&quot;:&quot;&quot;},&quot;_id&quot;:&quot;970ee08&quot;,&quot;jet_parallax_layout_image_laptop&quot;:{&quot;url&quot;:&quot;&quot;,&quot;id&quot;:&quot;&quot;,&quot;size&quot;:&quot;&quot;},&quot;jet_parallax_layout_image_tablet_extra&quot;:{&quot;url&quot;:&quot;&quot;,&quot;id&quot;:&quot;&quot;,&quot;size&quot;:&quot;&quot;},&quot;jet_parallax_layout_image_tablet&quot;:{&quot;url&quot;:&quot;&quot;,&quot;id&quot;:&quot;&quot;,&quot;size&quot;:&quot;&quot;},&quot;jet_parallax_layout_image_mobile&quot;:{&quot;url&quot;:&quot;&quot;,&quot;id&quot;:&quot;&quot;,&quot;size&quot;:&quot;&quot;},&quot;jet_parallax_layout_speed&quot;:{&quot;unit&quot;:&quot;%&quot;,&quot;size&quot;:50,&quot;sizes&quot;:[]},&quot;jet_parallax_layout_type&quot;:&quot;scroll&quot;,&quot;jet_parallax_layout_direction&quot;:&quot;1&quot;,&quot;jet_parallax_layout_fx_direction&quot;:null,&quot;jet_parallax_layout_z_index&quot;:&quot;&quot;,&quot;jet_parallax_layout_bg_x&quot;:50,&quot;jet_parallax_layout_bg_x_laptop&quot;:&quot;&quot;,&quot;jet_parallax_layout_bg_x_tablet_extra&quot;:&quot;&quot;,&quot;jet_parallax_layout_bg_x_tablet&quot;:&quot;&quot;,&quot;jet_parallax_layout_bg_x_mobile&quot;:&quot;&quot;,&quot;jet_parallax_layout_bg_y&quot;:50,&quot;jet_parallax_layout_bg_y_laptop&quot;:&quot;&quot;,&quot;jet_parallax_layout_bg_y_tablet_extra&quot;:&quot;&quot;,&quot;jet_parallax_layout_bg_y_tablet&quot;:&quot;&quot;,&quot;jet_parallax_layout_bg_y_mobile&quot;:&quot;&quot;,&quot;jet_parallax_layout_bg_size&quot;:&quot;auto&quot;,&quot;jet_parallax_layout_bg_size_laptop&quot;:&quot;&quot;,&quot;jet_parallax_layout_bg_size_tablet_extra&quot;:&quot;&quot;,&quot;jet_parallax_layout_bg_size_tablet&quot;:&quot;&quot;,&quot;jet_parallax_layout_bg_size_mobile&quot;:&quot;&quot;,&quot;jet_parallax_layout_animation_prop&quot;:&quot;transform&quot;,&quot;jet_parallax_layout_on&quot;:[&quot;desktop&quot;,&quot;tablet&quot;]}]}\">\n\t\t\t\t\t\t<div class=\"elementor-container elementor-column-gap-default\">\n\t\t\t\t\t<div class=\"elementor-column elementor-col-33 elementor-inner-column elementor-element elementor-element-3c850753\" data-id=\"3c850753\" data-element_type=\"column\" data-e-type=\"column\">\n\t\t\t<div class=\"elementor-widget-wrap elementor-element-populated\">\n\t\t\t\t\t\t<div class=\"elementor-element elementor-element-b2f867b elementor-widget elementor-widget-image\" data-id=\"b2f867b\" data-element_type=\"widget\" data-e-type=\"widget\" data-widget_type=\"image.default\">\n\t\t\t\t<div class=\"elementor-widget-container\">\n\t\t\t\t\t\t\t\t\t\t\t\t\t\t\t<img decoding=\"async\" width=\"40\" height=\"40\" src=\"https:\/\/www.kremsmueller.com\/wp-content\/uploads\/kremsmueller-k-logo.svg\" class=\"attachment-large size-large wp-image-1037\" alt=\"\" \/>\t\t\t\t\t\t\t\t\t\t\t\t\t\t\t<\/div>\n\t\t\t\t<\/div>\n\t\t\t\t\t<\/div>\n\t\t<\/div>\n\t\t\t\t<div class=\"elementor-column elementor-col-33 elementor-inner-column elementor-element elementor-element-5d74d1a\" data-id=\"5d74d1a\" data-element_type=\"column\" data-e-type=\"column\">\n\t\t\t<div class=\"elementor-widget-wrap elementor-element-populated\">\n\t\t\t\t\t\t<div class=\"elementor-element elementor-element-2fe49553 elementor-widget elementor-widget-heading\" data-id=\"2fe49553\" data-element_type=\"widget\" data-e-type=\"widget\" data-widget_type=\"heading.default\">\n\t\t\t\t<div class=\"elementor-widget-container\">\n\t\t\t\t\t<h2 class=\"elementor-heading-title elementor-size-default\">Kremsm\u00fcller Group Holding<\/h2>\t\t\t\t<\/div>\n\t\t\t\t<\/div>\n\t\t\t\t<div class=\"elementor-element elementor-element-3171f07 elementor-widget elementor-widget-text-editor\" data-id=\"3171f07\" data-element_type=\"widget\" data-e-type=\"widget\" data-widget_type=\"text-editor.default\">\n\t\t\t\t<div class=\"elementor-widget-container\">\n\t\t\t\t\t\t\t\t\t<p>Kremsm\u00fcllerstra\u00dfe 1 <br \/>4641 Steinhaus bei Wels <br \/>Austria<\/p><p>T. +43 \/ 7242 \/ 630 &#8211; 0 <br \/>F. +43 \/ 7242 \/ 630 &#8211; 1361<br \/>Email: office@kremsmueller.com<\/p>\t\t\t\t\t\t\t\t<\/div>\n\t\t\t\t<\/div>\n\t\t\t\t\t<\/div>\n\t\t<\/div>\n\t\t\t\t<div class=\"elementor-column elementor-col-33 elementor-inner-column elementor-element elementor-element-5005c198\" data-id=\"5005c198\" data-element_type=\"column\" data-e-type=\"column\">\n\t\t\t<div class=\"elementor-widget-wrap\">\n\t\t\t\t\t\t\t<\/div>\n\t\t<\/div>\n\t\t\t\t\t<\/div>\n\t\t<\/section>\n\t\t\t\t\t<\/div>\n\t\t<\/div>\n\t\t\t\t\t<\/div>\n\t\t<\/section>\n\t\t\t\t<section class=\"elementor-section elementor-top-section elementor-element elementor-element-f34a0f4 elementor-section-boxed elementor-section-height-default elementor-section-height-default\" data-id=\"f34a0f4\" data-element_type=\"section\" data-e-type=\"section\" data-settings=\"{&quot;jet_parallax_layout_list&quot;:[{&quot;jet_parallax_layout_image&quot;:{&quot;url&quot;:&quot;&quot;,&quot;id&quot;:&quot;&quot;,&quot;size&quot;:&quot;&quot;},&quot;_id&quot;:&quot;20a970e&quot;,&quot;jet_parallax_layout_speed&quot;:{&quot;unit&quot;:&quot;%&quot;,&quot;size&quot;:&quot;50&quot;,&quot;sizes&quot;:[]},&quot;jet_parallax_layout_bg_x&quot;:&quot;50&quot;,&quot;jet_parallax_layout_bg_y&quot;:&quot;50&quot;,&quot;jet_parallax_layout_image_laptop&quot;:{&quot;url&quot;:&quot;&quot;,&quot;id&quot;:&quot;&quot;,&quot;size&quot;:&quot;&quot;},&quot;jet_parallax_layout_image_tablet_extra&quot;:{&quot;url&quot;:&quot;&quot;,&quot;id&quot;:&quot;&quot;,&quot;size&quot;:&quot;&quot;},&quot;jet_parallax_layout_image_tablet&quot;:{&quot;url&quot;:&quot;&quot;,&quot;id&quot;:&quot;&quot;,&quot;size&quot;:&quot;&quot;},&quot;jet_parallax_layout_image_mobile&quot;:{&quot;url&quot;:&quot;&quot;,&quot;id&quot;:&quot;&quot;,&quot;size&quot;:&quot;&quot;},&quot;jet_parallax_layout_type&quot;:&quot;scroll&quot;,&quot;jet_parallax_layout_direction&quot;:&quot;1&quot;,&quot;jet_parallax_layout_fx_direction&quot;:null,&quot;jet_parallax_layout_z_index&quot;:&quot;&quot;,&quot;jet_parallax_layout_bg_x_laptop&quot;:&quot;&quot;,&quot;jet_parallax_layout_bg_x_tablet_extra&quot;:&quot;&quot;,&quot;jet_parallax_layout_bg_x_tablet&quot;:&quot;&quot;,&quot;jet_parallax_layout_bg_x_mobile&quot;:&quot;&quot;,&quot;jet_parallax_layout_bg_y_laptop&quot;:&quot;&quot;,&quot;jet_parallax_layout_bg_y_tablet_extra&quot;:&quot;&quot;,&quot;jet_parallax_layout_bg_y_tablet&quot;:&quot;&quot;,&quot;jet_parallax_layout_bg_y_mobile&quot;:&quot;&quot;,&quot;jet_parallax_layout_bg_size&quot;:&quot;auto&quot;,&quot;jet_parallax_layout_bg_size_laptop&quot;:&quot;&quot;,&quot;jet_parallax_layout_bg_size_tablet_extra&quot;:&quot;&quot;,&quot;jet_parallax_layout_bg_size_tablet&quot;:&quot;&quot;,&quot;jet_parallax_layout_bg_size_mobile&quot;:&quot;&quot;,&quot;jet_parallax_layout_animation_prop&quot;:&quot;transform&quot;,&quot;jet_parallax_layout_on&quot;:[&quot;desktop&quot;,&quot;tablet&quot;]}],&quot;background_background&quot;:&quot;classic&quot;}\">\n\t\t\t\t\t\t<div class=\"elementor-container elementor-column-gap-default\">\n\t\t\t\t\t<div class=\"elementor-column elementor-col-50 elementor-top-column elementor-element elementor-element-6f05475 elementor-hidden-tablet elementor-hidden-phone\" data-id=\"6f05475\" data-element_type=\"column\" data-e-type=\"column\">\n\t\t\t<div class=\"elementor-widget-wrap\">\n\t\t\t\t\t\t\t<\/div>\n\t\t<\/div>\n\t\t\t\t<div class=\"elementor-column elementor-col-50 elementor-top-column elementor-element elementor-element-45d960e\" data-id=\"45d960e\" data-element_type=\"column\" data-e-type=\"column\">\n\t\t\t<div class=\"elementor-widget-wrap elementor-element-populated\">\n\t\t\t\t\t\t<div class=\"elementor-element elementor-element-d0844ac elementor-widget elementor-widget-text-editor\" data-id=\"d0844ac\" data-element_type=\"widget\" data-e-type=\"widget\" data-widget_type=\"text-editor.default\">\n\t\t\t\t<div class=\"elementor-widget-container\">\n\t\t\t\t\t\t\t\t\t<p>Declaration in accordance with \u00a7 25 of the Media Act \u00a7 5 ECG and \u00a7 14 UGB (Business Code)<br>All the information regarding the entity operating this website can be found here. At the top, you can select additional information on our Group and thus get to all the company information.<\/p>\n<p><b>Media owner and publisher:<\/b> Kremsm\u00fcller Anlagenbau GmbH<br><b>Legal form:<\/b> Private Limited Partnership<br><b>Registered office:<\/b> Political community of Steinhaus<br><b>Commercial Register Number:<\/b> FN 525362t<br><b>Commercial Register Court:<\/b> State Court Wels<br><b>UID:<\/b> ATU75036024<br><b>Partner:<\/b><br>Advertising agency: <a title=\"designkitchen\" href=\"https:\/\/www.designkitchen.at\/\" target=\"blank\">designkitchen<\/a><br>Online Marketing &amp; SEO: <a title=\"maxsells\" href=\"https:\/\/www.maxsells.at\/\" target=\"blank\">maxsells<\/a><br><strong>Digital agency:<\/strong> <a href=\"https:\/\/www.sus.digital\" target=\"_blank\" rel=\"noopener\">Website by SuS.digital<\/a><br><b>Tracking:<\/b> For continuous improvement of our offering of information, the usage of this website is recorded through Google Analytics with the help of cookies.<\/p>\n<ul>\n<li><a href=\"https:\/\/www.kremsmueller.com\/wp-content\/uploads\/AGB-Kremsmueller-Anlagenbau-GmbH.pdf\" target=\"_blank\" rel=\"noopener\">T&amp;Cs of business, Kremsm\u00fcller Anlagenbau GmbH<\/a><\/li>\n<li><a href=\"https:\/\/www.kremsmueller.com\/wp-content\/uploads\/AGB-Kremsmueller-Service-GmbH.pdf\" target=\"_blank\" rel=\"noopener\">T&amp;Cs of business, Kremsm\u00fcller Service GmbH<\/a><\/li>\n<li><a href=\"https:\/\/www.kremsmueller.com\/wp-content\/uploads\/Einkaufsbedingungen_en-1.pdf\" target=\"_blank\" rel=\"noopener\">Terms and conditions of purchase Kremsm\u00fcller 2020<\/a><\/li>\n<br>\n<\/ul>\n<p><b>Address:<\/b> 4641 Steinhaus bei Wels, Kremsm\u00fcllerstra\u00dfe 1, Austria<br><b>Telephone:<\/b> +43 \/ 7242 \/ 630 \u2013 0<br><b>Fax:<\/b> +43 \/ 7242 \/ 630 &#8211; 1361<br><b>Email:<\/b> office@kremsmueller.com<\/p>\n<p><b>Homepage\/Domains:<\/b><br>www.kremsmueller.com<br>www.kremsmueller.ae<br>www.kremsmueller.at<br>www.kremsmueller.de<br>www.kremsmueller.eu<br>www.kremsmueller.it<br>www.kremsmueller.li<br>www.kremsmueller.ro<br>www.kremsmueller.ru<br>www.schweissakademie.at<\/p>\n<p><b>Regulating authority according to the European Commerce Act:<\/b> District Administrative Authority Wels State<br><b>Trade association:<\/b> Austrian Chamber of Commerce and Chamber of Commerce of Upper Austria<br><b>Applicable statutory provisions:<\/b> Legal information system of the Federal Chancellery \u2013 especially the Federal Law regarding special Civil Law regulations for companies (Company Code &#8211; UGB) and Trade, Commerce and Industry Regulation Act 1994 (GewO)<br><b>Functional representative:<\/b>&nbsp;<span style=\"color: var( --e-global-color-text ); font-family: var( --e-global-typography-text-font-family ), Sans-serif; font-weight: var( --e-global-typography-text-font-weight );\">Gregor Kremsm\u00fcller, Christoph Sandner<\/span><\/p>\n<p><b>Supervisory board:<br><\/b>Commercial Councilor Karl Strauss, Chairman of the Supervisory Board<br>Dr Robert Salfenauer, deputy Chairman of the Supervisory Board<br>DI Mag. Eugen Gotter, Member of the Supervisory Board<br>Ing Mag. Franz Waldl, Member of the Supervisory Board<br>Works Council Stefan Lang, Member of the Supervisory Board<br>Works council member Herbert Luksith, member of the supervisory board<\/p>\n<p><b>Ownership structure:<\/b><br>Shareholder: Kremsm\u00fcller Beteiligungsgesellschaft m.b.H.<\/p>\n<p><b>Business purpose of the company: <\/b><br>a) Industrial plant construction<br>b) Production of pipes, tanks, apparatuses and steel constructions<br>c) Industrial pipeline construction<br>d) Execution of industrial installation in the form of an industrial operation<br>e) Metal engineering for metal and machine construction in the form of an industrial operation<br>f) Gas- and sanitary engineering in the form of an industrial operation<br>g) Contracting of workers on deputation<br>h) Heating and ventilation engineering in the form of an industrial operation<br>i) Refrigeration and air conditioning in the form of an industrial operation<br>j) Electrical engineering<br>k) Communications electronics (trade)<br>l) Advertising agency<br>m) Automobile engineering<\/p>\n<p><strong>Whistleblower reporting system<br><\/strong>Reporting of breaches of the Union-law (whistleblowing\/Whistleblower reporting system) by an internal reporting system in accordance with the EU Directive 2019\/1937:&nbsp;<a href=\"https:\/\/eur01.safelinks.protection.outlook.com\/?url=https%3A%2F%2Fhinweis.sagedpw.at%2F10183%2F&amp;data=04%7C01%7CInes.Mamic%40kremsmueller.com%7Cc9685e69a478488e6ab008d9c0722f40%7Cef1ae386a3f24a5d961a4cdd4062f5ee%7C0%7C0%7C637752418912135703%7CUnknown%7CTWFpbGZsb3d8eyJWIjoiMC4wLjAwMDAiLCJQIjoiV2luMzIiLCJBTiI6Ik1haWwiLCJXVCI6Mn0%3D%7C3000&amp;sdata=y1sFvgEycyghy8cqITU3lxDGGOH6RvP7bAPRdCVt2yg%3D&amp;reserved=0\">https:\/\/hinweis.sagedpw.at\/10183\/<\/a><\/p>\t\t\t\t\t\t\t\t<\/div>\n\t\t\t\t<\/div>\n\t\t\t\t\t<\/div>\n\t\t<\/div>\n\t\t\t\t\t<\/div>\n\t\t<\/section>\n\t\t\t\t<\/div>\n\t\t","protected":false},"excerpt":{"rendered":"<p>Imprint Kremsm\u00fcller Group Holding Kremsm\u00fcllerstra\u00dfe 1 4641 Steinhaus bei Wels Austria T. +43 \/ 7242 \/ 630 &#8211; 0 F. +43 \/ 7242 \/ 630 &#8211; 1361Email: office@kremsmueller.com Declaration in accordance with \u00a7 25 of the Media Act \u00a7 5 ECG and \u00a7 14 UGB (Business Code)All the information regarding the entity operating this website [&hellip;]<\/p>\n","protected":false},"author":1,"featured_media":0,"parent":0,"menu_order":0,"comment_status":"closed","ping_status":"closed","template":"elementor_header_footer","meta":{"_acf_changed":false,"footnotes":""},"class_list":["post-14193","page","type-page","status-publish","hentry"],"acf":[],"_links":{"self":[{"href":"https:\/\/www.kremsmueller.com\/en\/wp-json\/wp\/v2\/pages\/14193","targetHints":{"allow":["GET"]}}],"collection":[{"href":"https:\/\/www.kremsmueller.com\/en\/wp-json\/wp\/v2\/pages"}],"about":[{"href":"https:\/\/www.kremsmueller.com\/en\/wp-json\/wp\/v2\/types\/page"}],"author":[{"embeddable":true,"href":"https:\/\/www.kremsmueller.com\/en\/wp-json\/wp\/v2\/users\/1"}],"replies":[{"embeddable":true,"href":"https:\/\/www.kremsmueller.com\/en\/wp-json\/wp\/v2\/comments?post=14193"}],"version-history":[{"count":10,"href":"https:\/\/www.kremsmueller.com\/en\/wp-json\/wp\/v2\/pages\/14193\/revisions"}],"predecessor-version":[{"id":41240,"href":"https:\/\/www.kremsmueller.com\/en\/wp-json\/wp\/v2\/pages\/14193\/revisions\/41240"}],"wp:attachment":[{"href":"https:\/\/www.kremsmueller.com\/en\/wp-json\/wp\/v2\/media?parent=14193"}],"curies":[{"name":"wp","href":"https:\/\/api.w.org\/{rel}","templated":true}]}}